{"id":10631,"date":"2014-07-14T10:43:03","date_gmt":"2014-07-14T08:43:03","guid":{"rendered":"http:\/\/ehfn.de\/live\/?page_id=10631"},"modified":"2025-08-11T10:13:26","modified_gmt":"2025-08-11T08:13:26","slug":"ueber-uns","status":"publish","type":"page","link":"https:\/\/ehfn.de\/live\/ueber-uns\/","title":{"rendered":"\u00dcber uns"},"content":{"rendered":"<p><div class=\"fusion-fullwidth fullwidth-box fusion-builder-row-1 nonhundred-percent-fullwidth non-hundred-percent-height-scrolling\" style=\"--awb-border-radius-top-left:0px;--awb-border-radius-top-right:0px;--awb-border-radius-bottom-right:0px;--awb-border-radius-bottom-left:0px;--awb-flex-wrap:wrap;\" ><div class=\"fusion-builder-row fusion-row\"><div class=\"fusion-layout-column fusion_builder_column fusion-builder-column-0 fusion_builder_column_1_1 1_1 fusion-one-full fusion-column-first fusion-column-last\" style=\"--awb-bg-size:cover;--awb-margin-bottom:0px;\"><div class=\"fusion-column-wrapper fusion-flex-column-wrapper-legacy\"><div class=\"fusion-text fusion-text-1\"><h2>\n<\/div><div class=\"fusion-clearfix\"><\/div><\/div><\/div><\/div><\/div><div class=\"fusion-fullwidth fullwidth-box fusion-builder-row-2 hundred-percent-fullwidth non-hundred-percent-height-scrolling\" style=\"--awb-border-radius-top-left:0px;--awb-border-radius-top-right:0px;--awb-border-radius-bottom-right:0px;--awb-border-radius-bottom-left:0px;--awb-overflow:visible;--awb-flex-wrap:wrap;\" ><div class=\"fusion-builder-row fusion-row\"><div class=\"fusion-layout-column fusion_builder_column fusion-builder-column-1 fusion_builder_column_1_1 1_1 fusion-one-full fusion-column-first fusion-column-last fusion-column-no-min-height\" style=\"--awb-bg-size:cover;--awb-margin-bottom:0px;\"><div class=\"fusion-column-wrapper fusion-flex-column-wrapper-legacy\"><script type=\"text\/javascript\">jQuery(function() { _initLayerSlider( '#layerslider_13_1b59c5qomcjyi', {sliderVersion: '6.0.5', responsiveUnder: 0, layersContainer: 0, allowFullscreen: true, slideBGSize: 'auto', pauseOnHover: 'enabled', skin: 'v5', sliderFadeInDuration: 350, useSrcset: true, skinsPath: 'https:\/\/ehfn.de\/live\/wp-content\/plugins\/LayerSlider\/assets\/static\/layerslider\/skins\/', performanceMode: true}); });<\/script><div id=\"layerslider_13_1b59c5qomcjyi\" class=\"ls-wp-container fitvidsignore\" style=\"width:640px;height:120px;margin:0 auto;margin-bottom: 0px;\"><div class=\"ls-slide\" data-ls=\"duration:6000;transition2d:1;\"><img decoding=\"async\" width=\"640\" height=\"120\" src=\"https:\/\/ehfn.de\/live\/wp-content\/uploads\/2014\/09\/Bild-Weg.jpg\" class=\"ls-bg\" alt=\"\" srcset=\"https:\/\/ehfn.de\/live\/wp-content\/uploads\/2014\/09\/Bild-Weg-300x56.jpg 300w, https:\/\/ehfn.de\/live\/wp-content\/uploads\/2014\/09\/Bild-Weg.jpg 640w\" sizes=\"(max-width: 640px) 100vw, 640px\" \/><h2 style=\"font-size:9pt;\ncolor:#2e569f;padding-left:0px;font-family:Helvetica;top:30px;left:41px;\" class=\"ls-l ls-text-layer\" data-ls=\"offsetxin:80;durationin:500;easingin:linear;offsetxout:-80;durationout:500;easingout:linear;parallaxlevel:0;\">Lasst Christus den Mittelpunkt eures Lebens sein. Seid immer dazu bereit, denen Rede und<\/h2><p style=\"font-size:9pt;\ncolor:#2e569f;font-family:Helvetica;top:52px;left:41px;\" class=\"ls-l ls-text-layer\" data-ls=\"offsetxin:80;durationin:500;easingin:linear;offsetxout:-80;durationout:500;parallaxlevel:0;\">Antwort zu stehen, die euch nach der Begr\u00fcndung eures Glaubens fragen. Seid dabei freundlich,<\/p><p style=\"font-size:9pt;\ncolor:#2e569f;top:72px;left:42px;\" class=\"ls-l ls-text-layer\" data-ls=\"offsetxin:80;offsetxout:-80;durationout:400;parallaxlevel:0;\">aber vergesst nicht, welche Verantwortung ihr vor Gott habt ... (1. Petrus 3, 15-16)<\/p><\/div><div class=\"ls-slide\" data-ls=\"duration:6000;transition2d:1,11;\"><img decoding=\"async\" width=\"640\" height=\"120\" src=\"https:\/\/ehfn.de\/live\/wp-content\/uploads\/2014\/09\/bild-Blumen.jpg\" class=\"ls-bg\" alt=\"\" srcset=\"https:\/\/ehfn.de\/live\/wp-content\/uploads\/2014\/09\/bild-Blumen-300x56.jpg 300w, https:\/\/ehfn.de\/live\/wp-content\/uploads\/2014\/09\/bild-Blumen.jpg 640w\" sizes=\"(max-width: 640px) 100vw, 640px\" \/><h2 style=\"font-size:14pt; color:#2e569f;padding-left:0px;font-family:Helvetica;top:35px;left:90px;\" class=\"ls-l ls-text-layer\" data-ls=\"offsetxin:80;durationin:500;easingin:linear;offsetxout:-80;durationout:500;easingout:linear;parallaxlevel:0;\">Dient einander, ein jeder mit der Gabe,<\/h2><p style=\"font-size:14pt; color:#2e569f;font-family:Helvetica;top:65px;left:90px;\" class=\"ls-l ls-text-layer\" data-ls=\"offsetxin:80;durationin:500;easingin:linear;offsetxout:-80;durationout:500;parallaxlevel:0;\">die er von Gott empfangen hat ... 1. Petrus 4,10<\/p><\/div><div class=\"ls-slide\" data-ls=\"duration:6000;transition2d:1;\"><img decoding=\"async\" width=\"640\" height=\"120\" src=\"https:\/\/ehfn.de\/live\/wp-content\/uploads\/2014\/09\/Bild-Sonne-2.jpg\" class=\"ls-bg\" alt=\"\" srcset=\"https:\/\/ehfn.de\/live\/wp-content\/uploads\/2014\/09\/Bild-Sonne-2-300x56.jpg 300w, https:\/\/ehfn.de\/live\/wp-content\/uploads\/2014\/09\/Bild-Sonne-2.jpg 640w\" sizes=\"(max-width: 640px) 100vw, 640px\" \/><h2 style=\"font-size:14pt; color:#2e569f;padding-left:0px;font-family:Helvetica;top:35px;left:90px;\" class=\"ls-l ls-text-layer\" data-ls=\"offsetxin:80;durationin:0;easingin:linear;offsetxout:-80;durationout:0;easingout:linear;parallaxlevel:0;\">Gehet hinaus in die ganze Welt und verk\u00fcndigt<\/h2><p style=\"font-size:14pt; color:#2e569f;font-family:Helvetica;top:65px;left:90px;\" class=\"ls-l ls-text-layer\" data-ls=\"offsetxin:80;durationin:500;easingin:linear;offsetxout:-80;durationout:500;parallaxlevel:0;\">allen Menschen das Evangelium ... Markus 16,15<\/p><\/div><div class=\"ls-slide\" data-ls=\"duration:6000;transition2d:1;\"><img decoding=\"async\" width=\"640\" height=\"120\" src=\"https:\/\/ehfn.de\/live\/wp-content\/uploads\/2014\/09\/bild-Netze.jpg\" class=\"ls-bg\" alt=\"\" srcset=\"https:\/\/ehfn.de\/live\/wp-content\/uploads\/2014\/09\/bild-Netze-300x56.jpg 300w, https:\/\/ehfn.de\/live\/wp-content\/uploads\/2014\/09\/bild-Netze.jpg 640w\" sizes=\"(max-width: 640px) 100vw, 640px\" \/><h2 style=\"font-size:14pt; color:#2e569f;padding-left:0px;font-family:Helvetica;top:35px;left:90px;\" class=\"ls-l ls-text-layer\" data-ls=\"offsetxin:80;durationin:500;easingin:linear;offsetxout:-80;durationout:500;easingout:linear;parallaxlevel:0;\">... und machet alle Nationen zu J\u00fcngern.<\/h2><p style=\"font-size:14pt; color:#2e569f;font-family:Helvetica;top:65px;left:90px;\" class=\"ls-l ls-text-layer\" data-ls=\"offsetxin:80;durationin:500;easingin:linear;offsetxout:-80;durationout:500;parallaxlevel:0;\">Matth\u00e4us 28,19<\/p><\/div><\/div><div class=\"fusion-text fusion-text-2\" style=\"--awb-text-transform:none;\"><\/h2>\n<h2 class=\"fusion-responsive-typography-calculated\" style=\"--fontsize: 18; line-height: 1.5; --minfontsize: 18;\" data-fontsize=\"18\" data-lineheight=\"27px\"><\/h2>\n<h2 class=\"fusion-responsive-typography-calculated\" style=\"--fontsize: 18; line-height: 1.5; --minfontsize: 18;\" data-fontsize=\"18\" data-lineheight=\"27px\">\u00dcber uns<\/h2>\n<h4 class=\"fusion-responsive-typography-calculated\" style=\"--fontsize: 13; line-height: 1.54; --minfontsize: 13;\" data-fontsize=\"13\" data-lineheight=\"20.0167px\"><span style=\"color: #de2323;\"><a style=\"color: #de2323;\" href=\"\/\/ehfn.de\/live\/about-us\/\" target=\"_blank\" rel=\"noopener noreferrer\">About us \u2013 English Version click here &gt;<\/a><\/span><\/h4>\n<p><strong>Barbara Gloor<\/strong>, geboren 1960 in S\u00fcddeutschland, aufgewachsen in einer katholischen Gro\u00dffamilie, absolvierte eine Lehre als Industriekauffrau. Danach arbeitete sie mehrere Jahre als Personalsachbearbeiterin in einem Gro\u00dfbetrieb.<\/p>\n<p>Nachdem sie sich eine Bibel gekauft hatte, offenbarte sich Gott ihr dort ganz konkret und sie bekehrte sich 1989. Der Hunger nach mehr von Gott f\u00fchrte sie auf eine Bibelschule nach M\u00fcnchen. Barbaras St\u00e4rken liegen in der administrativen Verwaltung des Dienstes. Neben der F\u00fcrbitte f\u00fcr Nationen ist sie eine exzellente Lehrerin, ihr Anliegen ist es Christen im Wort Gottes auszubilden.<\/p>\n<p><strong>Max Gloor<\/strong>, geboren 1955 in Basel\/Schweiz. Nach einer kaufm\u00e4nnischen Ausbildung und mehreren Jahren Berufserfahrung im Dienstleistungsbereich machte er sich als Unternehmensberater und Kommunikationstrainer in der F\u00f6rderung und Schulung von Kundendienstmitarbeitern und F\u00fchrungskr\u00e4ften selbstst\u00e4ndig.<\/p>\n<p>Im Jahr 1991 erlebte er die Lebendigkeit des christlichen Glaubens und erkannte seine Berufung als Evangelist und Missionar. Er l\u00f6ste seine Firma in der Schweiz auf, und legte sein Leben g\u00e4nzlich in die H\u00e4nde Gottes. Durch Gottes Wirken brennt sein Herz vor allem f\u00fcr die Randgruppen unserer Gesellschaft sowie die \u00c4rmsten unter den Armen in L\u00e4ndern der Dritten Welt. Unkonventionell und lebensnah \u2013 Ausdruck von Max\u2018s Predigt- und Evangelisationsstil. Seine schlichten Botschaften sind von Autorit\u00e4t gepr\u00e4gt und durch die vielen Jahre der eigenen Erfahrung gepr\u00fcft und erprobt, dadurch wird der Leib Christi in allen Aspekten ermutigt. Max ist auch Autor von zwei B\u00fcchern mit dem Titel \u201eGeld macht gl\u00fccklich!?&#8230;\u201c und \u201eBeiss nicht gleich in jeden Apfel\u201c.<\/p>\n<\/div><div class=\"fusion-clearfix\"><\/div><\/div><\/div><\/div><\/div><div class=\"fusion-fullwidth fullwidth-box fusion-builder-row-3 fusion-flex-container nonhundred-percent-fullwidth non-hundred-percent-height-scrolling\" style=\"--awb-border-radius-top-left:0px;--awb-border-radius-top-right:0px;--awb-border-radius-bottom-right:0px;--awb-border-radius-bottom-left:0px;--awb-flex-wrap:wrap;\" ><div class=\"fusion-builder-row fusion-row fusion-flex-align-items-flex-start fusion-flex-content-wrap\" style=\"max-width:1206.4px;margin-left: calc(-4% \/ 2 );margin-right: calc(-4% \/ 2 );\"><div class=\"fusion-layout-column fusion_builder_column fusion-builder-column-2 fusion_builder_column_1_1 1_1 fusion-flex-column\" style=\"--awb-bg-size:cover;--awb-width-large:100%;--awb-margin-top-large:0px;--awb-spacing-right-large:1.92%;--awb-margin-bottom-large:20px;--awb-spacing-left-large:1.92%;--awb-width-medium:100%;--awb-order-medium:0;--awb-spacing-right-medium:1.92%;--awb-spacing-left-medium:1.92%;--awb-width-small:100%;--awb-order-small:0;--awb-spacing-right-small:1.92%;--awb-spacing-left-small:1.92%;\"><div class=\"fusion-column-wrapper fusion-column-has-shadow fusion-flex-justify-content-flex-start fusion-content-layout-column\"><div class=\"fusion-separator fusion-full-width-sep\" style=\"align-self: center;margin-left: auto;margin-right: auto;margin-top:40px;width:100%;\"><\/div><div class=\"fusion-text fusion-text-3\" style=\"--awb-text-transform:none;\"><h2>VORSTAND:<\/h2>\n<\/div><\/div><\/div><\/div><\/div><div class=\"fusion-fullwidth fullwidth-box fusion-builder-row-4 fusion-flex-container nonhundred-percent-fullwidth non-hundred-percent-height-scrolling\" style=\"--awb-border-radius-top-left:0px;--awb-border-radius-top-right:0px;--awb-border-radius-bottom-right:0px;--awb-border-radius-bottom-left:0px;--awb-flex-wrap:wrap;\" ><div class=\"fusion-builder-row fusion-row fusion-flex-align-items-flex-start fusion-flex-content-wrap\" style=\"max-width:1206.4px;margin-left: calc(-4% \/ 2 );margin-right: calc(-4% \/ 2 );\"><div class=\"fusion-layout-column fusion_builder_column fusion-builder-column-3 fusion_builder_column_1_4 1_4 fusion-flex-column\" style=\"--awb-bg-size:cover;--awb-width-large:25%;--awb-margin-top-large:0px;--awb-spacing-right-large:7.68%;--awb-margin-bottom-large:20px;--awb-spacing-left-large:7.68%;--awb-width-medium:100%;--awb-order-medium:0;--awb-spacing-right-medium:1.92%;--awb-spacing-left-medium:1.92%;--awb-width-small:100%;--awb-order-small:0;--awb-spacing-right-small:1.92%;--awb-spacing-left-small:1.92%;\"><div class=\"fusion-column-wrapper fusion-column-has-shadow fusion-flex-justify-content-flex-start fusion-content-layout-column\"><div class=\"fusion-image-element \" style=\"--awb-caption-title-font-family:var(--h2_typography-font-family);--awb-caption-title-font-weight:var(--h2_typography-font-weight);--awb-caption-title-font-style:var(--h2_typography-font-style);--awb-caption-title-size:var(--h2_typography-font-size);--awb-caption-title-transform:var(--h2_typography-text-transform);--awb-caption-title-line-height:var(--h2_typography-line-height);--awb-caption-title-letter-spacing:var(--h2_typography-letter-spacing);\"><span class=\" fusion-imageframe imageframe-none imageframe-1 hover-type-none\"><img decoding=\"async\" width=\"200\" height=\"270\" title=\"Max-200\" src=\"https:\/\/ehfn.de\/live\/wp-content\/uploads\/2023\/02\/Max-200.jpg\" alt class=\"img-responsive wp-image-14559\"\/><\/span><\/div><div class=\"fusion-separator fusion-full-width-sep\" style=\"align-self: center;margin-left: auto;margin-right: auto;margin-top:20px;width:100%;\"><\/div><div class=\"fusion-text fusion-text-4\" style=\"--awb-text-transform:none;\"><p><strong>Max Gloor<\/strong><br \/>\n1. Vorsitzender<br \/>\nGr\u00fcnder und Gesch\u00e4ftsf\u00fchrer von Ein Herz f\u00fcr Nationen, Reinach\/Schweiz<\/p>\n<\/div><\/div><\/div><div class=\"fusion-layout-column fusion_builder_column fusion-builder-column-4 fusion_builder_column_1_4 1_4 fusion-flex-column\" style=\"--awb-bg-size:cover;--awb-width-large:25%;--awb-margin-top-large:0px;--awb-spacing-right-large:7.68%;--awb-margin-bottom-large:20px;--awb-spacing-left-large:7.68%;--awb-width-medium:100%;--awb-order-medium:0;--awb-spacing-right-medium:1.92%;--awb-spacing-left-medium:1.92%;--awb-width-small:100%;--awb-order-small:0;--awb-spacing-right-small:1.92%;--awb-spacing-left-small:1.92%;\"><div class=\"fusion-column-wrapper fusion-column-has-shadow fusion-flex-justify-content-flex-start fusion-content-layout-column\"><div class=\"fusion-image-element \" style=\"--awb-caption-title-font-family:var(--h2_typography-font-family);--awb-caption-title-font-weight:var(--h2_typography-font-weight);--awb-caption-title-font-style:var(--h2_typography-font-style);--awb-caption-title-size:var(--h2_typography-font-size);--awb-caption-title-transform:var(--h2_typography-text-transform);--awb-caption-title-line-height:var(--h2_typography-line-height);--awb-caption-title-letter-spacing:var(--h2_typography-letter-spacing);\"><span class=\" fusion-imageframe imageframe-none imageframe-2 hover-type-none\"><img decoding=\"async\" width=\"200\" height=\"270\" title=\"Oliver2-200\" src=\"https:\/\/ehfn.de\/live\/wp-content\/uploads\/2023\/02\/Oliver2-200.jpg\" alt class=\"img-responsive wp-image-14580\"\/><\/span><\/div><div class=\"fusion-separator fusion-full-width-sep\" style=\"align-self: center;margin-left: auto;margin-right: auto;margin-top:20px;width:100%;\"><\/div><div class=\"fusion-text fusion-text-5\" style=\"--awb-text-transform:none;\"><p><strong>Oliver Steiner<br \/>\n<\/strong>2. Vorsitzender<br \/>\nElektro Ingenieur bei IBM, Wiesbaden\/Deutschland<\/p>\n<\/div><\/div><\/div><div class=\"fusion-layout-column fusion_builder_column fusion-builder-column-5 fusion_builder_column_1_4 1_4 fusion-flex-column\" style=\"--awb-bg-size:cover;--awb-width-large:25%;--awb-margin-top-large:0px;--awb-spacing-right-large:7.68%;--awb-margin-bottom-large:20px;--awb-spacing-left-large:7.68%;--awb-width-medium:100%;--awb-order-medium:0;--awb-spacing-right-medium:1.92%;--awb-spacing-left-medium:1.92%;--awb-width-small:100%;--awb-order-small:0;--awb-spacing-right-small:1.92%;--awb-spacing-left-small:1.92%;\"><div class=\"fusion-column-wrapper fusion-column-has-shadow fusion-flex-justify-content-flex-start fusion-content-layout-column\"><div class=\"fusion-image-element \" style=\"--awb-caption-title-font-family:var(--h2_typography-font-family);--awb-caption-title-font-weight:var(--h2_typography-font-weight);--awb-caption-title-font-style:var(--h2_typography-font-style);--awb-caption-title-size:var(--h2_typography-font-size);--awb-caption-title-transform:var(--h2_typography-text-transform);--awb-caption-title-line-height:var(--h2_typography-line-height);--awb-caption-title-letter-spacing:var(--h2_typography-letter-spacing);\"><span class=\" fusion-imageframe imageframe-none imageframe-3 hover-type-none\"><img decoding=\"async\" width=\"200\" height=\"270\" title=\"Barbara-200\" src=\"https:\/\/ehfn.de\/live\/wp-content\/uploads\/2023\/02\/Barbara-200.jpg\" alt class=\"img-responsive wp-image-14556\"\/><\/span><\/div><div class=\"fusion-separator fusion-full-width-sep\" style=\"align-self: center;margin-left: auto;margin-right: auto;margin-top:20px;width:100%;\"><\/div><div class=\"fusion-text fusion-text-6\" style=\"--awb-text-transform:none;\"><p><strong>Barbara Gloor<\/strong><br \/>\nMitgr\u00fcnderin von Ein Herz f\u00fcr Nationen, Reinach\/Schweiz<br \/>\nFinanz- und Lohnbuchhaltung<br \/>\nStiftung Weizenkorn Basel<\/p>\n<\/div><\/div><\/div><div class=\"fusion-layout-column fusion_builder_column fusion-builder-column-6 fusion_builder_column_1_4 1_4 fusion-flex-column\" style=\"--awb-bg-size:cover;--awb-width-large:25%;--awb-margin-top-large:0px;--awb-spacing-right-large:7.68%;--awb-margin-bottom-large:20px;--awb-spacing-left-large:7.68%;--awb-width-medium:100%;--awb-order-medium:0;--awb-spacing-right-medium:1.92%;--awb-spacing-left-medium:1.92%;--awb-width-small:100%;--awb-order-small:0;--awb-spacing-right-small:1.92%;--awb-spacing-left-small:1.92%;\"><div class=\"fusion-column-wrapper fusion-column-has-shadow fusion-flex-justify-content-flex-start fusion-content-layout-column\"><\/div><\/div><\/div><\/div><div class=\"fusion-fullwidth fullwidth-box fusion-builder-row-5 fusion-flex-container nonhundred-percent-fullwidth non-hundred-percent-height-scrolling\" style=\"--awb-border-radius-top-left:0px;--awb-border-radius-top-right:0px;--awb-border-radius-bottom-right:0px;--awb-border-radius-bottom-left:0px;--awb-flex-wrap:wrap;\" ><div class=\"fusion-builder-row fusion-row fusion-flex-align-items-flex-start fusion-flex-content-wrap\" style=\"max-width:1206.4px;margin-left: calc(-4% \/ 2 );margin-right: calc(-4% \/ 2 );\"><div class=\"fusion-layout-column fusion_builder_column fusion-builder-column-7 fusion_builder_column_1_1 1_1 fusion-flex-column\" style=\"--awb-bg-size:cover;--awb-width-large:100%;--awb-margin-top-large:0px;--awb-spacing-right-large:1.92%;--awb-margin-bottom-large:20px;--awb-spacing-left-large:1.92%;--awb-width-medium:100%;--awb-order-medium:0;--awb-spacing-right-medium:1.92%;--awb-spacing-left-medium:1.92%;--awb-width-small:100%;--awb-order-small:0;--awb-spacing-right-small:1.92%;--awb-spacing-left-small:1.92%;\"><div class=\"fusion-column-wrapper fusion-column-has-shadow fusion-flex-justify-content-flex-start fusion-content-layout-column\"><div class=\"fusion-text fusion-text-7\" style=\"--awb-text-transform:none;\"><h2>VEREINSMITGLIEDER:<\/h2>\n<\/div><\/div><\/div><\/div><\/div><div class=\"fusion-fullwidth fullwidth-box fusion-builder-row-6 fusion-flex-container nonhundred-percent-fullwidth non-hundred-percent-height-scrolling\" style=\"--awb-border-radius-top-left:0px;--awb-border-radius-top-right:0px;--awb-border-radius-bottom-right:0px;--awb-border-radius-bottom-left:0px;--awb-flex-wrap:wrap;\" ><div class=\"fusion-builder-row fusion-row fusion-flex-align-items-flex-start fusion-flex-content-wrap\" style=\"max-width:1206.4px;margin-left: calc(-4% \/ 2 );margin-right: calc(-4% \/ 2 );\"><div class=\"fusion-layout-column fusion_builder_column fusion-builder-column-8 fusion_builder_column_1_4 1_4 fusion-flex-column\" style=\"--awb-bg-size:cover;--awb-width-large:25%;--awb-margin-top-large:0px;--awb-spacing-right-large:7.68%;--awb-margin-bottom-large:20px;--awb-spacing-left-large:7.68%;--awb-width-medium:100%;--awb-order-medium:0;--awb-spacing-right-medium:1.92%;--awb-spacing-left-medium:1.92%;--awb-width-small:100%;--awb-order-small:0;--awb-spacing-right-small:1.92%;--awb-spacing-left-small:1.92%;\"><div class=\"fusion-column-wrapper fusion-column-has-shadow fusion-flex-justify-content-flex-start fusion-content-layout-column\"><div class=\"fusion-image-element \" style=\"--awb-caption-title-font-family:var(--h2_typography-font-family);--awb-caption-title-font-weight:var(--h2_typography-font-weight);--awb-caption-title-font-style:var(--h2_typography-font-style);--awb-caption-title-size:var(--h2_typography-font-size);--awb-caption-title-transform:var(--h2_typography-text-transform);--awb-caption-title-line-height:var(--h2_typography-line-height);--awb-caption-title-letter-spacing:var(--h2_typography-letter-spacing);\"><span class=\" fusion-imageframe imageframe-none imageframe-4 hover-type-none\"><img decoding=\"async\" width=\"200\" height=\"270\" title=\"Anke-200\" src=\"https:\/\/ehfn.de\/live\/wp-content\/uploads\/2023\/02\/Anke-200.jpg\" alt class=\"img-responsive wp-image-14555\"\/><\/span><\/div><div class=\"fusion-separator fusion-full-width-sep\" style=\"align-self: center;margin-left: auto;margin-right: auto;margin-top:20px;width:100%;\"><\/div><div class=\"fusion-text fusion-text-8\" style=\"--awb-text-transform:none;\"><p><strong>Anke Ratajczak\u2028<\/strong><br \/>\nKaufm\u00e4nnische Betriebsleitungsassistentin, Helgoland<\/p>\n<\/div><\/div><\/div><div class=\"fusion-layout-column fusion_builder_column fusion-builder-column-9 fusion_builder_column_1_4 1_4 fusion-flex-column\" style=\"--awb-bg-size:cover;--awb-width-large:25%;--awb-margin-top-large:0px;--awb-spacing-right-large:7.68%;--awb-margin-bottom-large:20px;--awb-spacing-left-large:7.68%;--awb-width-medium:100%;--awb-order-medium:0;--awb-spacing-right-medium:1.92%;--awb-spacing-left-medium:1.92%;--awb-width-small:100%;--awb-order-small:0;--awb-spacing-right-small:1.92%;--awb-spacing-left-small:1.92%;\"><div class=\"fusion-column-wrapper fusion-column-has-shadow fusion-flex-justify-content-flex-start fusion-content-layout-column\"><div class=\"fusion-image-element \" style=\"--awb-caption-title-font-family:var(--h2_typography-font-family);--awb-caption-title-font-weight:var(--h2_typography-font-weight);--awb-caption-title-font-style:var(--h2_typography-font-style);--awb-caption-title-size:var(--h2_typography-font-size);--awb-caption-title-transform:var(--h2_typography-text-transform);--awb-caption-title-line-height:var(--h2_typography-line-height);--awb-caption-title-letter-spacing:var(--h2_typography-letter-spacing);\"><span class=\" fusion-imageframe imageframe-none imageframe-5 hover-type-none\"><img decoding=\"async\" width=\"200\" height=\"270\" title=\"Gesa-200\" src=\"https:\/\/ehfn.de\/live\/wp-content\/uploads\/2023\/02\/Gesa-200.jpg\" alt class=\"img-responsive wp-image-14557\"\/><\/span><\/div><div class=\"fusion-separator fusion-full-width-sep\" style=\"align-self: center;margin-left: auto;margin-right: auto;margin-top:20px;width:100%;\"><\/div><div class=\"fusion-text fusion-text-9\" style=\"--awb-text-transform:none;\"><p><strong>Gesa Kant<\/strong><br \/>\nKauffrau f\u00fcr B\u00fcromanagement und Immobilienwirtin, L\u00f6rrach<\/p>\n<\/div><\/div><\/div><div class=\"fusion-layout-column fusion_builder_column fusion-builder-column-10 fusion_builder_column_1_4 1_4 fusion-flex-column\" style=\"--awb-bg-size:cover;--awb-width-large:25%;--awb-margin-top-large:0px;--awb-spacing-right-large:7.68%;--awb-margin-bottom-large:20px;--awb-spacing-left-large:7.68%;--awb-width-medium:100%;--awb-order-medium:0;--awb-spacing-right-medium:1.92%;--awb-spacing-left-medium:1.92%;--awb-width-small:100%;--awb-order-small:0;--awb-spacing-right-small:1.92%;--awb-spacing-left-small:1.92%;\"><div class=\"fusion-column-wrapper fusion-column-has-shadow fusion-flex-justify-content-flex-start fusion-content-layout-column\"><div class=\"fusion-image-element \" style=\"--awb-caption-title-font-family:var(--h2_typography-font-family);--awb-caption-title-font-weight:var(--h2_typography-font-weight);--awb-caption-title-font-style:var(--h2_typography-font-style);--awb-caption-title-size:var(--h2_typography-font-size);--awb-caption-title-transform:var(--h2_typography-text-transform);--awb-caption-title-line-height:var(--h2_typography-line-height);--awb-caption-title-letter-spacing:var(--h2_typography-letter-spacing);\"><span class=\" fusion-imageframe imageframe-none imageframe-6 hover-type-none\"><img decoding=\"async\" width=\"200\" height=\"270\" title=\"Konrad-200\" src=\"https:\/\/ehfn.de\/live\/wp-content\/uploads\/2023\/02\/Konrad-200.jpg\" alt class=\"img-responsive wp-image-14558\"\/><\/span><\/div><div class=\"fusion-separator fusion-full-width-sep\" style=\"align-self: center;margin-left: auto;margin-right: auto;margin-top:20px;width:100%;\"><\/div><div class=\"fusion-text fusion-text-10\" style=\"--awb-text-transform:none;\"><p><strong>Konrad Kunz\u2028<\/strong><br \/>\nWerkstattleiter eines Fahrradfachhandels, Basel<\/p>\n<\/div><\/div><\/div><div class=\"fusion-layout-column fusion_builder_column fusion-builder-column-11 fusion_builder_column_1_4 1_4 fusion-flex-column\" style=\"--awb-bg-size:cover;--awb-width-large:25%;--awb-margin-top-large:0px;--awb-spacing-right-large:7.68%;--awb-margin-bottom-large:20px;--awb-spacing-left-large:7.68%;--awb-width-medium:100%;--awb-order-medium:0;--awb-spacing-right-medium:1.92%;--awb-spacing-left-medium:1.92%;--awb-width-small:100%;--awb-order-small:0;--awb-spacing-right-small:1.92%;--awb-spacing-left-small:1.92%;\"><div class=\"fusion-column-wrapper fusion-column-has-shadow fusion-flex-justify-content-flex-start fusion-content-layout-column\"><\/div><\/div><\/div><\/div><\/p>\n","protected":false},"excerpt":{"rendered":"","protected":false},"author":6,"featured_media":0,"parent":0,"menu_order":15,"comment_status":"open","ping_status":"open","template":"","meta":{"footnotes":""},"class_list":["post-10631","page","type-page","status-publish","hentry"],"_links":{"self":[{"href":"https:\/\/ehfn.de\/live\/wp-json\/wp\/v2\/pages\/10631","targetHints":{"allow":["GET"]}}],"collection":[{"href":"https:\/\/ehfn.de\/live\/wp-json\/wp\/v2\/pages"}],"about":[{"href":"https:\/\/ehfn.de\/live\/wp-json\/wp\/v2\/types\/page"}],"author":[{"embeddable":true,"href":"https:\/\/ehfn.de\/live\/wp-json\/wp\/v2\/users\/6"}],"replies":[{"embeddable":true,"href":"https:\/\/ehfn.de\/live\/wp-json\/wp\/v2\/comments?post=10631"}],"version-history":[{"count":153,"href":"https:\/\/ehfn.de\/live\/wp-json\/wp\/v2\/pages\/10631\/revisions"}],"predecessor-version":[{"id":14806,"href":"https:\/\/ehfn.de\/live\/wp-json\/wp\/v2\/pages\/10631\/revisions\/14806"}],"wp:attachment":[{"href":"https:\/\/ehfn.de\/live\/wp-json\/wp\/v2\/media?parent=10631"}],"curies":[{"name":"wp","href":"https:\/\/api.w.org\/{rel}","templated":true}]}}