{"id":10633,"date":"2014-07-14T10:43:19","date_gmt":"2014-07-14T08:43:19","guid":{"rendered":"http:\/\/ehfn.de\/live\/?page_id=10633"},"modified":"2020-06-10T08:16:26","modified_gmt":"2020-06-10T06:16:26","slug":"seminare","status":"publish","type":"page","link":"https:\/\/ehfn.de\/live\/seminare\/","title":{"rendered":"3M-Training"},"content":{"rendered":"<div class=\"fusion-fullwidth fullwidth-box fusion-builder-row-1 nonhundred-percent-fullwidth non-hundred-percent-height-scrolling\" style=\"--awb-border-radius-top-left:0px;--awb-border-radius-top-right:0px;--awb-border-radius-bottom-right:0px;--awb-border-radius-bottom-left:0px;--awb-flex-wrap:wrap;\" ><div class=\"fusion-builder-row fusion-row\"><div class=\"fusion-layout-column fusion_builder_column fusion-builder-column-0 fusion_builder_column_1_1 1_1 fusion-one-full fusion-column-first fusion-column-last\" style=\"--awb-bg-size:cover;--awb-margin-bottom:0px;\"><div class=\"fusion-column-wrapper fusion-flex-column-wrapper-legacy\"><div class=\"fusion-text fusion-text-1\"><h2>3M-TRAININGS-KONZEPT<\/h2>\n<p><strong>Motivation \u2013 Mobilisation \u2013 Multiplikation<\/strong><\/p>\n<table class=\"table-3M\" width=\"100%\">\n<tbody>\n<tr>\n<td width=\"300\"><a href=\"https:\/\/ehfn.de\/live\/wp-content\/uploads\/2014\/08\/Motivation-Ma\u0308dchen-280.jpg\"><img decoding=\"async\" class=\"alignleft size-full wp-image-11591\" src=\"https:\/\/ehfn.de\/live\/wp-content\/uploads\/2014\/08\/Motivation-Ma\u0308dchen-280.jpg\" alt=\"Motivation-Ma\u0308dchen-280\" width=\"280\" height=\"198\" \/><\/a><\/td>\n<td><strong>Motivation und Kommunikation<\/strong><br \/>\nzur pers\u00f6nlichen Freundschafts-Evangelisation<br \/>\n<a title=\"Motivation und Kommunikation\" href=\"https:\/\/ehfn.de\/live\/motivation-und-kommunikation\/\" target=\"_blank\" rel=\"noopener noreferrer\"><span style=\"text-decoration: underline;\">zu den Inhalten dieses Trainings &#8230;<\/span><\/a><br \/>\n<a title=\"Kontakt\" href=\"https:\/\/ehfn.de\/live\/?page_id=10652\" target=\"_blank\" rel=\"noopener noreferrer\">&gt;&gt;bei weiterem Interesse und Terminabsprache<\/a><\/td>\n<\/tr>\n<tr>\n<td><a href=\"https:\/\/ehfn.de\/live\/wp-content\/uploads\/2014\/08\/Interaktiv-280.jpg\"><img decoding=\"async\" class=\"alignleft size-full wp-image-11590\" src=\"https:\/\/ehfn.de\/live\/wp-content\/uploads\/2014\/08\/Interaktiv-280.jpg\" alt=\"Interaktiv-280\" width=\"280\" height=\"198\" \/><\/a><\/td>\n<td><strong>Die \u201cInteraktive Gespr\u00e4chsf\u00fchrung\u201d\u2028<\/strong><br \/>\nverbale- und nonverbale Kommunikation<br \/>\n<a title=\"Die Interaktive Gespr\u00e4chsf\u00fchrung\" href=\"https:\/\/ehfn.de\/live\/?page_id=11623\" target=\"_blank\" rel=\"noopener noreferrer\"><span style=\"text-decoration: underline;\">zu den Inhalten dieses Trainings &#8230;<\/span><\/a><br \/>\n<a title=\"Kontakt\" href=\"https:\/\/ehfn.de\/live\/?page_id=10652\" target=\"_blank\" rel=\"noopener noreferrer\">&gt;&gt;bei weiterem Interesse und Terminabsprache<\/a><\/td>\n<\/tr>\n<tr>\n<td><a href=\"https:\/\/ehfn.de\/live\/wp-content\/uploads\/2014\/08\/Ziele-280.jpg\"><img decoding=\"async\" class=\"alignleft size-full wp-image-11592\" src=\"https:\/\/ehfn.de\/live\/wp-content\/uploads\/2014\/08\/Ziele-280.jpg\" alt=\"Ziele-280\" width=\"280\" height=\"198\" \/><\/a><\/td>\n<td><strong>Motivation durch Zielsetzung<\/strong><br \/>\nVision oder Illusion im Leben<br \/>\n<span style=\"text-decoration: underline;\"><a title=\"Motivation durch Zielsetzung\" href=\"https:\/\/ehfn.de\/live\/?page_id=11633\" target=\"_blank\" rel=\"noopener noreferrer\">zu den Inhalten dieses Trainings &#8230;<\/a><\/span><br \/>\n<a title=\"Kontakt\" href=\"https:\/\/ehfn.de\/live\/?page_id=10652\" target=\"_blank\" rel=\"noopener noreferrer\">&gt;&gt;bei weiterem Interesse und Terminabsprache<\/a><\/td>\n<\/tr>\n<tr>\n<td><a href=\"https:\/\/ehfn.de\/live\/wp-content\/uploads\/2014\/08\/Freie-Rede-280.jpg\"><img decoding=\"async\" class=\"alignleft size-full wp-image-11589\" src=\"https:\/\/ehfn.de\/live\/wp-content\/uploads\/2014\/08\/Freie-Rede-280.jpg\" alt=\"Freie-Rede-280\" width=\"280\" height=\"198\" \/><\/a><\/td>\n<td><strong>Freies Reden<br \/>\n<\/strong>\u00fcberzeugend wirken, glaubw\u00fcrdig pr\u00e4sentieren<br \/>\n<span style=\"text-decoration: underline;\"><a title=\"Freies Reden\" href=\"https:\/\/ehfn.de\/live\/?page_id=11642\" target=\"_blank\" rel=\"noopener noreferrer\">zu den Inhalten dieses Trainings &#8230;<\/a><\/span><br \/>\n<a title=\"Kontakt\" href=\"https:\/\/ehfn.de\/live\/?page_id=10652\" target=\"_blank\" rel=\"noopener noreferrer\">&gt;&gt;bei weiterem Interesse und Terminabsprache<\/a><\/td>\n<\/tr>\n<tr>\n<td><a href=\"https:\/\/ehfn.de\/live\/wp-content\/uploads\/2014\/08\/Geld-Seminar-280.jpg\"><img decoding=\"async\" class=\"alignleft size-full wp-image-11748\" src=\"https:\/\/ehfn.de\/live\/wp-content\/uploads\/2014\/08\/Geld-Seminar-280.jpg\" alt=\"Geld-Seminar-280\" width=\"280\" height=\"198\" \/><\/a><\/td>\n<td><strong>Finanzseminar<br \/>\n<\/strong>Wohlergehen, finanzielle Freiheit und Segen<br \/>\nim Willen Gottes<br \/>\n<a title=\"Finanzseminar\" href=\"https:\/\/ehfn.de\/live\/?page_id=11640\" target=\"_blank\" rel=\"noopener noreferrer\"><span style=\"text-decoration: underline;\">zu den Inhalten dieses Trainings &#8230;<\/span><\/a><br \/>\n<a title=\"Kontakt\" href=\"https:\/\/ehfn.de\/live\/?page_id=10652\" target=\"_blank\" rel=\"noopener noreferrer\">&gt;&gt;bei weiterem Interesse und Terminabsprache<\/a><\/td>\n<\/tr>\n<\/tbody>\n<\/table>\n<p>&nbsp;<\/p>\n<\/div><div class=\"fusion-clearfix\"><\/div><\/div><\/div><\/div><\/div>\n","protected":false},"excerpt":{"rendered":"","protected":false},"author":6,"featured_media":0,"parent":0,"menu_order":16,"comment_status":"open","ping_status":"open","template":"","meta":{"footnotes":""},"class_list":["post-10633","page","type-page","status-publish","hentry"],"_links":{"self":[{"href":"https:\/\/ehfn.de\/live\/wp-json\/wp\/v2\/pages\/10633","targetHints":{"allow":["GET"]}}],"collection":[{"href":"https:\/\/ehfn.de\/live\/wp-json\/wp\/v2\/pages"}],"about":[{"href":"https:\/\/ehfn.de\/live\/wp-json\/wp\/v2\/types\/page"}],"author":[{"embeddable":true,"href":"https:\/\/ehfn.de\/live\/wp-json\/wp\/v2\/users\/6"}],"replies":[{"embeddable":true,"href":"https:\/\/ehfn.de\/live\/wp-json\/wp\/v2\/comments?post=10633"}],"version-history":[{"count":23,"href":"https:\/\/ehfn.de\/live\/wp-json\/wp\/v2\/pages\/10633\/revisions"}],"predecessor-version":[{"id":13959,"href":"https:\/\/ehfn.de\/live\/wp-json\/wp\/v2\/pages\/10633\/revisions\/13959"}],"wp:attachment":[{"href":"https:\/\/ehfn.de\/live\/wp-json\/wp\/v2\/media?parent=10633"}],"curies":[{"name":"wp","href":"https:\/\/api.w.org\/{rel}","templated":true}]}}