{"id":10639,"date":"2015-11-17T23:00:08","date_gmt":"2015-11-17T21:00:08","guid":{"rendered":"http:\/\/ehfn.de\/live\/?page_id=10639"},"modified":"2020-06-10T08:15:21","modified_gmt":"2020-06-10T06:15:21","slug":"kontakt","status":"publish","type":"page","link":"https:\/\/ehfn.de\/live\/kontakt\/","title":{"rendered":"Aktuelles"},"content":{"rendered":"<div class=\"fusion-fullwidth fullwidth-box fusion-builder-row-1 hundred-percent-fullwidth non-hundred-percent-height-scrolling\" style=\"--awb-border-radius-top-left:0px;--awb-border-radius-top-right:0px;--awb-border-radius-bottom-right:0px;--awb-border-radius-bottom-left:0px;--awb-overflow:visible;--awb-padding-right:20px;--awb-padding-left:20px;--awb-flex-wrap:wrap;\" ><div class=\"fusion-builder-row fusion-row\"><div class=\"fusion-layout-column fusion_builder_column fusion-builder-column-0 fusion_builder_column_1_2 1_2 fusion-one-half fusion-column-first\" style=\"--awb-bg-size:cover;width:50%;width:calc(50% - ( ( 4% ) * 0.5 ) );margin-right: 4%;\"><div class=\"fusion-column-wrapper fusion-flex-column-wrapper-legacy\">\n<h2><strong><em><span style=\"color: #e80707;\">Liebe Freunde und Missionspartner!<\/span><\/em><\/strong><\/h2>\n<p><strong>Folgendes prophetisches Wort aus den 60-er Jahren habe ich von einem guten Freund bekommen:<\/strong><\/p>\n<p><span style=\"color: #008080;\"><strong>Christus kommt bald!<\/strong><\/span><br \/>\nEine alte Dame von 90 Jahren aus Valdres in Norwegen erhielt 1968 eine\u2028 Vision von Gott. Der Evangelist Emanuel Minos hielt in ihrem Wohnort\u2028 Versammlungen ab. Er hatte die M\u00f6glichkeit sie zu treffen, und sie\u2028 erz\u00e4hlte ihm, was sie gesehen hatte. Er schrieb es zwar auf, meinte \u2028aber, das klang so unverst\u00e4ndlich, dass er es erst einmal in eine \u2028Schublade legte. Jetzt, \u00fcber 30 Jahre sp\u00e4ter begreift er, dass diese\u2028 Visionen pl\u00f6tzlich aktuell sind und er sie anderen mitteilen muss.\u2028\u2028 Die Dame aus Valdres war eine wache und vertrauensw\u00fcrdige Christin,\u2028 geistig vollkommen auf der H\u00f6he.\u00a0 Sie hatte einen guten Ruf bei allen,\u2028 die sie kannten. Hier ist was sie sah:\u2028\u2028 Ich sah die Zeit, kurz bevor Jesus kommt \u2013 und der dritte Weltkrieg \u2028bricht aus. Ich sah die Ereignisse mit meinen nat\u00fcrlichen Augen. Ich sah \u2028die Welt wie eine Art Globus. Ich sah Europa ein Land nach dem anderen.\u2028 Ich sah Norwegen. Ich sah gewisse Szenen die stattfinden werden,\u2028 unmittelbar bevor Jesus wiederkommt \u2013 und kurz bevor das letzte Ungl\u00fcck \u2028stattfindet. Ein Ungl\u00fcck, wie wir es noch nie zuvor erlebt haben!&#8220;<\/p>\n<p><span style=\"color: #008080;\"><strong>Sie nannte vier Phasen:<\/strong><\/span><br \/>\n<span style=\"color: #008080;\"><strong>1.<\/strong><\/span> Bevor Jesus wiederkommt, und kurz bevor der 3. Weltkrieg\u2028 ausbricht, wird es eine Entspannung geben, wie wir sie nie zuvor gehabt \u2028haben. Es wird Friede sein unter den Gro\u00dfm\u00e4chten in Ost und West, und es \u2028w\u00fcrde ein langer Friede sein. (Denkt daran, dass das 1968 gesagt wurde,\u2028 als der kalte Krieg auf seinem H\u00f6hepunkt war. Ohne Zweifel hatten wir ab \u2028dem Fall der Berliner Mauer (November 1989) eine nie ertr\u00e4umte \u2028Entspannung und einen nun schon \u00a0\u00fcber 50 Jahre anhaltenden Frieden \u2028zwischen den Superm\u00e4chten. Der einstige Erzfeind Russlands ist \u2028inzwischen nicht nur zum Handelspartner des Westens geworden.) In dieser \u2028Friedensperiode wird in vielen L\u00e4ndern Abr\u00fcstung stattfinden, auch in \u2028Norwegen und wir werden nicht vorbereitet sein, wenn es losgeht. Der 3.\u2028Weltkrieg wird auf eine Weise beginnen, die niemand erwartet hat \u2013 und \u2028von unerwarteter Seite!<\/p>\n<p><span style=\"color: #008080;\"><strong>2.<\/strong><\/span> Unter den Christen wird eine laue Haltung ohnegleichen entstehen\u2028 \u2013 ein Abfall vom wahren, lebendigen Christentum. Die Christen werden \u2028nicht offen sein f\u00fcr betroffen machende Verk\u00fcndigungen. Sie wollen nicht\u2028 wie fr\u00fcher \u00fcber S\u00fcnde und Gnade, Gesetz und Evangelium, Bu\u00dfe und\u2028Besserung h\u00f6ren. Statt dessen kommt ein Ersatz: Das Wohlstandsevangelium \u2028(industrielle Wohlstandschristentum). Alles wird sich darum drehen\u2028 Erfolg zu haben, etwas darzustellen. Es wird um materielle G\u00fcter gehen,\u2028 Dinge, die Gott uns niemals auf diese Weise versprochen hat. \u2028Gebetsh\u00e4user und freikirchliche Gemeindeh\u00e4user werden immer leerer\u2028 werden. Statt der Verk\u00fcndigung, die wir durch Generationen hindurch\u2028gewohnt waren \u2013 z. B. sein Kreuz auf sich zu nehmen und Jesus \u2028nachzufolgen, \u2013 wird Unterhaltung, Kunst und Kultur die Kirchen,\u2028 Beth\u00e4user und Kapellen erobern, dort wo Erweckung, Not- und\u2028 Bu\u00dfversammlungen stattfinden sollten. Das wird in starkem Ma\u00dfe so sein,\u2028 kurz bevor Jesus wiederkommt.<\/p>\n<p><span style=\"color: #008080;\"><strong>3.<\/strong><\/span> Es wird einen moralischen Verfall geben, wie ihn das alte\u2028 Norwegen (hier kann man sagen: die westlichen L\u00e4nder) so nie zuvor\u2028 erlebt hat. Die Leute werden in wilden Ehen zusammenleben. (Das war\u2028 1963, und ich glaube nicht, dass es zu der Zeit den Begriff\u2028 Zusammenleben\/wilde Ehe gab.) Gro\u00dfe Unreinheit vor der Ehe und viel\u2028 Untreue in der Ehe wird ganz nat\u00fcrlich sein, und man wird es auf alle\u2028m\u00f6gliche Weise entschuldigen. Das wird sich sogar in die christlichen \u2028Kreise einschleichen und wir h\u00e4tscheln das, auch die widernat\u00fcrliche\u2028 S\u00fcnde: die Homosexualit\u00e4t. Kurz bevor Jesus wiederkommt, wird es\u2028 Fernsehsendungen geben, wie wir sie nie zuvor erlebt haben. (Fernsehen \u2028war gerade 1968 nach Norwegen gekommen. E. Minos) Das Fernsehen wird von \u2028grausamer Gewalt erf\u00fcllt sein. so dass die Menschen lernen zu morden und \u2028sich gegenseitig zu zerst\u00f6ren, und man wird sich auf unseren Stra\u00dfen\u2028 unsicher f\u00fchlen. Die Leute werden das nachahmen, was sie sehen. Wir \u2028werden f\u00fcrchterliche Szenen von Mord und gegenseitiger Zerst\u00f6rung sehen,\u2028und das wird sich in der ganzen Gesellschaft ausbreiten. Auch Szenen der\u2028k\u00f6rperlichen Gemeinschaft in der Ehe werden im Fernsehen gezeigt werden.\u2028 Das intimste Geschehen in der Ehe wird auf dem Bildschirm erscheinen.\u2028 (Das war 1968, und ich protestierte mit dem Hinweis, da\u00df wir Paragraphen\u2028haben, die so etwas verbieten, E. Minos) Da sagte die alte Dame: Es wird\u2028 so geschehen, und du wirst das sehen. Alles was wir fr\u00fcher hatten wird\u2028 abgerissen werden, und das Unanst\u00e4ndigste wird unseren Augen gezeigt\u2028 werden.&#8220;<\/p>\n<div class=\"fusion-clearfix\"><\/div><\/div><\/div>\n<div class=\"fusion-layout-column fusion_builder_column fusion-builder-column-1 fusion_builder_column_1_2 1_2 fusion-one-half fusion-column-last\" style=\"--awb-bg-size:cover;width:50%;width:calc(50% - ( ( 4% ) * 0.5 ) );\"><div class=\"fusion-column-wrapper fusion-flex-column-wrapper-legacy\">\n<p><a href=\"httpss:\/\/ehfn.de\/live\/wp-content\/uploads\/2015\/11\/Sonnenuntergang-450.jpg\"><img decoding=\"async\" class=\"alignnone wp-image-12210\" src=\"httpss:\/\/ehfn.de\/live\/wp-content\/uploads\/2015\/11\/Sonnenuntergang-450.jpg\" alt=\"Sonnenuntergang-450\" width=\"380\" height=\"285\" srcset=\"https:\/\/ehfn.de\/live\/wp-content\/uploads\/2015\/11\/Sonnenuntergang-450-300x225.jpg 300w, https:\/\/ehfn.de\/live\/wp-content\/uploads\/2015\/11\/Sonnenuntergang-450.jpg 450w\" sizes=\"(max-width: 380px) 100vw, 380px\" \/><\/a><\/p>\n<p><span style=\"color: #008080;\"><strong>4.<\/strong><\/span> Menschen aus armen L\u00e4ndern werden nach Europa str\u00f6men. (1968 gab\u2028es so etwas wie Einwanderung noch nicht. E. Minos) Sie werden auch nach\u2028 Skandinavien kommen und Norwegen. Es werden so viele sein, dass die\u2028Leute negativ \u00fcber sie denken und sie hart behandeln werden \u2028(Ausl\u00e4nderfeindlichkeit). Sie werden behandelt werden, wie die Juden vor\u2028 dem Kriege. Dann wird das Ma\u00df unserer S\u00fcnden erreicht sein. (Da str\u00f6mten\u2028 Tr\u00e4nen \u00fcber die Wangen der alten Dame. E. Minos) Ich kriege das nicht\u2028 mehr zu sehen, aber du wirst es zu sehen bekommen. Dann kommt Jesus\u2028 pl\u00f6tzlich wieder, und der 3. Weltkrieg bricht aus (dieser Zusammenhang\u2028 ist so unverst\u00e4ndlich, es mag daran liegen, dass in derartigen Visionen \u2028und Gesichtern zeitliche Begebenheiten und Geschehnisse nicht immer\u2028 chronlogisch geordnet ablaufen. Ein oft zu beobachtendes Ph\u00e4nomen bei\u2028 Prophezeiungen ). Es wird ein kurzer Krieg sein. (Sie bekam ihn in ihrer\u2028 Vision zu sehen.) Alles, was ich an Krieg vorher gesehen habe, ist das \u2028reinste Spiel im Verh\u00e4ltnis zu diesem Krieg, und er endet mit einer\u2028 Atombombe. Die Luft wird so verunreinigt sein, dass man nicht atmen \u2028kann. Er wird \u00fcber mehrere Kontinente kommen \u2013 Amerika, Japan,\u2028 Australien und die reichen L\u00e4nder (Europa). Das Wasser wird verdorben\u2028 sein. Wir werden den Boden nicht mehr bearbeiten k\u00f6nnen. Das Resultat\u2028 wird sein, dass nur ein Rest \u00fcbrig bleiben wird. Und der Rest aus den \u2028reichen L\u00e4ndern wird versuchen, in die armen L\u00e4nder zu ziehen (da bei\u2028 ihnen alles zerst\u00f6rt oder verseucht ist), aber die werden ebenso hart\u2028 uns gegen\u00fcber sein, wie wir zu ihnen waren. Ich bin so froh, dass ich \u2028das nicht mehr zu sehen bekomme, aber wenn die Zeit sich naht, musst du\u2028 Mut fassen und es sagen. Ich habe es von Gott empfangen. Nichts von dem \u2028allen ist im Gegensatz zu dem, was die Bibel sagt (widerspricht nicht\u2028 den biblischen Aussagen \u00fcber die Endzeit). Aber derjenige, dem seine\u2028 S\u00fcnde vergeben ist und der Jesus als Herrn und Erl\u00f6ser hat, ist geborgen.<\/p>\n<p><span style=\"color: #008080;\"><strong>Wenn das \u00d6l flie\u00df<\/strong>t<\/span><br \/>\nEin \u00c4ltester aus der Pfingstgemeinde in Moss, Norwegen, Martin Andersson\u2028 war 1937 Zeuge folgender Prophezeiung in Moss:\u2028\u2028&#8220;Wenn \u00d6l aus der Nordsee und entlang der norwegischen K\u00fcste kommen wird,\u2028 werden Dinge anfangen zu geschehen, und Jesu Wiederkunft naht!&#8220;\u2028 Als diese Worte erklungen waren, standen die Leute in der Versammlung\u2028auf und baten den Mann sich zu setzen und aufzuh\u00f6ren, solchen &#8222;Quatsch&#8220;\u2028 zu erz\u00e4hlen. Denn 1937 war es absoluter Unsinn davon zu sprechen, dass\u2028 entlang der K\u00fcste \u00d6l gef\u00f6rdert werden sollte. \u2028Heute sind alle gro\u00dfen \u00d6lgesellschaften der Welt dabei, \u00d6l vor der \u2028norwegischen K\u00fcste zu f\u00f6rdern. Norwegen ist nach Saudi-Arabien der\u2028 zweitgr\u00f6\u00dfte \u00d6lexporteur der Welt.\u2028 Obwohl diese Aussagen aus Norwegen kommen und ein Teil des Inhalts sich\u2028 auf Ereignisse in Norwegen bezieht, ist die klare Botschaft an uns\u2028 alle: \u00a0Achtet auf die Zeichen der Zeit.<\/p>\n<p><span style=\"color: #008080;\"><strong>JESUS KOMMT BALD!<\/strong><\/span><br \/>\nDie Ereignisse der Endzeit und Jesu Wiederkunft gelten nicht nur einem \u2028einzigen Land. Jesu Wiederkunft betrifft uns alle! Gib dein Leben Jesus, \u2028wenn du es noch nicht getan hast. Lies das Wort Gottes, bete zu deinem \u2028himmlischen Vater und suche nach einer gesunden christlichen\u2028 Gemeinschaft, die sich nicht im Dogmatismus oder Fanatismus bewegt, \u2028sondern ungeheuchelte Liebe und authentische Ehrlichkeit lebt.\u2028 Lerne den Messias immer besser in die kennen \u2013 und mach ihn anderen \u2028bekannt. Nur indem du dich auf diesen zwei Beinen bewegst, wirst du\u2028 Seine Lehre lebendig verstehen. Bereite dich vor deinem Gott zu begegnen\u2028 \u2013 und hilf anderen, bereit zu sein f\u00fcr das, was auf uns alle in K\u00fcrze \u2028zukommen wird.<\/p>\n<div class=\"fusion-clearfix\"><\/div><\/div><\/div>\n<hr \/>\n<p>&nbsp;<\/p>\n<p style=\"text-align: center;\"><a href=\"httpss:\/\/ehfn.de\/live\/wp-content\/uploads\/2014\/08\/Bibelspru\u0308che-280.jpg\"><img decoding=\"async\" class=\"size-full wp-image-11675\" src=\"httpss:\/\/ehfn.de\/live\/wp-content\/uploads\/2014\/08\/Bibelspru\u0308che-280.jpg\" alt=\"Bibelspru\u0308che-280\" width=\"280\" height=\"189\" \/><\/a><\/p>\n<p style=\"text-align: center;\"><em>\u201eDenn also hat Gott die Welt geliebt,<\/em><br \/>\n<em> dass er seinen eingeborenen Sohn gab,<\/em><br \/>\n<em> damit alle, die an ihn glauben, nicht verloren werden,<br \/>\nsondern das ewige Leben haben.<em>\u201c<\/em><\/em><\/p>\n<\/div><\/div>\n","protected":false},"excerpt":{"rendered":"","protected":false},"author":6,"featured_media":0,"parent":0,"menu_order":4,"comment_status":"open","ping_status":"open","template":"100-width.php","meta":{"footnotes":""},"class_list":["post-10639","page","type-page","status-publish","hentry"],"_links":{"self":[{"href":"https:\/\/ehfn.de\/live\/wp-json\/wp\/v2\/pages\/10639","targetHints":{"allow":["GET"]}}],"collection":[{"href":"https:\/\/ehfn.de\/live\/wp-json\/wp\/v2\/pages"}],"about":[{"href":"https:\/\/ehfn.de\/live\/wp-json\/wp\/v2\/types\/page"}],"author":[{"embeddable":true,"href":"https:\/\/ehfn.de\/live\/wp-json\/wp\/v2\/users\/6"}],"replies":[{"embeddable":true,"href":"https:\/\/ehfn.de\/live\/wp-json\/wp\/v2\/comments?post=10639"}],"version-history":[{"count":76,"href":"https:\/\/ehfn.de\/live\/wp-json\/wp\/v2\/pages\/10639\/revisions"}],"predecessor-version":[{"id":13473,"href":"https:\/\/ehfn.de\/live\/wp-json\/wp\/v2\/pages\/10639\/revisions\/13473"}],"wp:attachment":[{"href":"https:\/\/ehfn.de\/live\/wp-json\/wp\/v2\/media?parent=10639"}],"curies":[{"name":"wp","href":"https:\/\/api.w.org\/{rel}","templated":true}]}}