{"id":10642,"date":"2014-07-14T10:45:34","date_gmt":"2014-07-14T08:45:34","guid":{"rendered":"http:\/\/ehfn.de\/live\/?page_id=10642"},"modified":"2020-06-10T08:17:30","modified_gmt":"2020-06-10T06:17:30","slug":"spenden","status":"publish","type":"page","link":"https:\/\/ehfn.de\/live\/spenden\/","title":{"rendered":"Spenden"},"content":{"rendered":"<h2>Missionskonten<\/h2>\n<div class=\"fusion-fullwidth fullwidth-box fusion-builder-row-1 hundred-percent-fullwidth non-hundred-percent-height-scrolling\" style=\"--awb-border-radius-top-left:0px;--awb-border-radius-top-right:0px;--awb-border-radius-bottom-right:0px;--awb-border-radius-bottom-left:0px;--awb-overflow:visible;--awb-flex-wrap:wrap;\" ><div class=\"fusion-builder-row fusion-row\"><div class=\"fusion-layout-column fusion_builder_column fusion-builder-column-0 fusion_builder_column_1_2 1_2 fusion-one-half fusion-column-first\" style=\"--awb-bg-size:cover;width:50%;width:calc(50% - ( ( 4% ) * 0.5 ) );margin-right: 4%;\"><div class=\"fusion-column-wrapper fusion-flex-column-wrapper-legacy\">Deutschland:<br \/>\nEvangelische Bank eG<br \/>\nKonto: 400 13 11<br \/>\nBLZ: 520 604 10<br \/>\nIBAN: DE40 5206 0410 0004 0013 11<br \/>\nSwift-BIC.: GENODEF1EK1<div class=\"fusion-clearfix\"><\/div><\/div><\/div>\n<div class=\"fusion-layout-column fusion_builder_column fusion-builder-column-1 fusion_builder_column_1_2 1_2 fusion-one-half fusion-column-last\" style=\"--awb-bg-size:cover;width:50%;width:calc(50% - ( ( 4% ) * 0.5 ) );\"><div class=\"fusion-column-wrapper fusion-flex-column-wrapper-legacy\">Schweiz<strong>:<br \/>\n<\/strong>Postgiroamt Basel<br \/>\nKonto-Nr. 60-597476-8<br \/>\nIBAN: CH59 0900 0000 6059 7476 8<br \/>\nSwift-BIC.: POFICHBEXXX<div class=\"fusion-clearfix\"><\/div><\/div><\/div>\n<p class=\"stand1114le\">&#8222;<b>Ein Herz f\u00fcr Nationen e.V.<\/b>&#8220; ist als gemeinn\u00fctzig anerkannt, Spenden sind steuerlich absetzbar.<br \/>\nBitte geben Sie bei \u00dcberweisungen stets Ihre vollst\u00e4ndige Adresse an.<br \/>\n<b>Sie k\u00f6nnen uns auch \u00fcber paypal spenden: <a href=\"\/\/www.paypal.de\" target=\"_blank\" rel=\"noopener noreferrer\">www.paypal.de<\/a><br \/>\nUnsere E-Mail-Adresse dort: info@ehfn.de<\/b><\/p>\n<p class=\"stand1114le\"><strong>Ihre Online-Spende f\u00fcr unsere Arbeit?<\/strong><br \/>\nMit folgendem Formular k\u00f6nnen Sie eine Online-Spende per einmaligem Bankeinzug t\u00e4tigen. Wir werden Sie kontaktieren, um die Richtigkeit des Auftrages best\u00e4tigen zu lassen. Die Abbuchung des Betrages k\u00f6nnen Sie bei Ihrer Bank innerhalb von sechs Wochen ohne Angabe von Gr\u00fcnden widerrufen. Die von Ihnen \u00fcbermittelten Daten werden nicht l\u00e4nger gespeichert, als es f\u00fcr den Ablauf der Transaktion n\u00f6tig ist.<\/p>\n<p class=\"zwueberschrift\"><div class=\"fusion-layout-column fusion_builder_column fusion-builder-column-2 fusion_builder_column_1_1 1_1 fusion-one-full fusion-column-first fusion-column-last fusion-column-no-min-height\" style=\"--awb-bg-size:cover;--awb-margin-bottom:0px;\"><div class=\"fusion-column-wrapper fusion-flex-column-wrapper-legacy\"><div role=\"form\" class=\"wpcf7\" id=\"wpcf7-f11178-o1\" lang=\"de-DE\" dir=\"ltr\">\n<div class=\"screen-reader-response\"><p role=\"status\" aria-live=\"polite\" aria-atomic=\"true\"><\/p> <ul><\/ul><\/div>\n<form action=\"\/live\/wp-json\/wp\/v2\/pages\/10642#wpcf7-f11178-o1\" method=\"post\" class=\"wpcf7-form init\" novalidate=\"novalidate\" data-status=\"init\">\n<div style=\"display: none;\">\n<input type=\"hidden\" name=\"_wpcf7\" value=\"11178\" \/>\n<input type=\"hidden\" name=\"_wpcf7_version\" value=\"5.5.6\" \/>\n<input type=\"hidden\" name=\"_wpcf7_locale\" value=\"de_DE\" \/>\n<input type=\"hidden\" name=\"_wpcf7_unit_tag\" value=\"wpcf7-f11178-o1\" \/>\n<input type=\"hidden\" name=\"_wpcf7_container_post\" value=\"0\" \/>\n<input type=\"hidden\" name=\"_wpcf7_posted_data_hash\" value=\"\" \/>\n<\/div>\n<p>Vorname und Name (Pflichtfeld)<br \/>\n    <span class=\"wpcf7-form-control-wrap your-name\"><input type=\"text\" name=\"your-name\" value=\"\" size=\"40\" class=\"wpcf7-form-control wpcf7-text wpcf7-validates-as-required\" aria-required=\"true\" aria-invalid=\"false\" \/><\/span> <\/p>\n<p>Stra\u00dfe (Pflichtfeld)<br \/>\n    <span class=\"wpcf7-form-control-wrap street\"><input type=\"text\" name=\"street\" value=\"\" size=\"40\" class=\"wpcf7-form-control wpcf7-text wpcf7-validates-as-required\" aria-required=\"true\" aria-invalid=\"false\" \/><\/span> <\/p>\n<p>PLZ\/Ort (Pflichtfeld)<br \/>\n    <span class=\"wpcf7-form-control-wrap adress\"><input type=\"text\" name=\"adress\" value=\"\" size=\"40\" class=\"wpcf7-form-control wpcf7-text wpcf7-validates-as-required\" aria-required=\"true\" aria-invalid=\"false\" \/><\/span> <\/p>\n<p>Telefon<br \/>\n    <span class=\"wpcf7-form-control-wrap telefon\"><input type=\"text\" name=\"telefon\" value=\"\" size=\"40\" class=\"wpcf7-form-control wpcf7-text wpcf7-validates-as-required\" aria-required=\"true\" aria-invalid=\"false\" \/><\/span> <\/p>\n<p>Ihre E-Mail-Adresse (Pflichtfeld)<br \/>\n    <span class=\"wpcf7-form-control-wrap your-email\"><input type=\"email\" name=\"your-email\" value=\"\" size=\"40\" class=\"wpcf7-form-control wpcf7-text wpcf7-email wpcf7-validates-as-required wpcf7-validates-as-email\" aria-required=\"true\" aria-invalid=\"false\" \/><\/span> <\/p>\n<p>Bank (Pflichtfeld)<br \/>\n    <span class=\"wpcf7-form-control-wrap bank\"><input type=\"text\" name=\"bank\" value=\"\" size=\"40\" class=\"wpcf7-form-control wpcf7-text wpcf7-validates-as-required\" aria-required=\"true\" aria-invalid=\"false\" \/><\/span> <\/p>\n<p>IBAN (Pflichtfeld)<br \/>\n    <span class=\"wpcf7-form-control-wrap iban\"><input type=\"text\" name=\"iban\" value=\"\" size=\"40\" class=\"wpcf7-form-control wpcf7-text wpcf7-validates-as-required\" aria-required=\"true\" aria-invalid=\"false\" \/><\/span> <\/p>\n<p>BIC (Pflichtfeld)<br \/>\n    <span class=\"wpcf7-form-control-wrap bic\"><input type=\"text\" name=\"bic\" value=\"\" size=\"40\" class=\"wpcf7-form-control wpcf7-text wpcf7-validates-as-required\" aria-required=\"true\" aria-invalid=\"false\" \/><\/span> <\/p>\n<p>Betrag in Euro (Pflichtfeld)<br \/>\n    <span class=\"wpcf7-form-control-wrap credit\"><input type=\"text\" name=\"credit\" value=\"\" size=\"40\" class=\"wpcf7-form-control wpcf7-text wpcf7-validates-as-required\" aria-required=\"true\" aria-invalid=\"false\" \/><\/span> <\/p>\n<p>Bemerkungen\/Verwendungszweck (Pflichtfeld)<br \/>\n    <span class=\"wpcf7-form-control-wrap your-subject\"><input type=\"text\" name=\"your-subject\" value=\"\" size=\"40\" class=\"wpcf7-form-control wpcf7-text\" aria-invalid=\"false\" \/><\/span> <\/p>\n<p>Ihre Nachricht<br \/>\n    <span class=\"wpcf7-form-control-wrap your-message\"><textarea name=\"your-message\" cols=\"40\" rows=\"10\" class=\"wpcf7-form-control wpcf7-textarea\" aria-invalid=\"false\"><\/textarea><\/span> <\/p>\n<p><span class=\"wpcf7-form-control-wrap acceptance-382\"><span class=\"wpcf7-form-control wpcf7-acceptance\"><span class=\"wpcf7-list-item\"><label><input type=\"checkbox\" name=\"acceptance-382\" value=\"1\" aria-invalid=\"false\" \/><span class=\"wpcf7-list-item-label\"><a href=\"httpss:\/\/ehfn.de\/live\/datenschutz\" target=\"_blank\">Hiermit best\u00e4tige ich, dass ich die Datenschutzbestimmungen gelesen und akzeptiert habe.<\/a> (Pflichtfeld)<\/span><\/label><\/span><\/span><\/span><\/p>\n<p><input type=\"submit\" value=\"Senden\" class=\"wpcf7-form-control has-spinner wpcf7-submit\" \/><\/p>\n<div class=\"fusion-alert alert custom alert-custom fusion-alert-center wpcf7-response-output fusion-alert-capitalize awb-alert-native-link-color alert-dismissable awb-alert-close-boxed\" style=\"--awb-border-size:1px;--awb-border-top-left-radius:0px;--awb-border-top-right-radius:0px;--awb-border-bottom-left-radius:0px;--awb-border-bottom-right-radius:0px;\" role=\"alert\"><div class=\"fusion-alert-content-wrapper\"><span class=\"fusion-alert-content\"><\/span><\/div><button type=\"button\" class=\"close toggle-alert\" data-dismiss=\"alert\" aria-label=\"Close\">&times;<\/button><\/div><\/form><\/div>\n<div class=\"fusion-clearfix\"><\/div><\/div><\/div><\/div><\/div>\n","protected":false},"excerpt":{"rendered":"<p>Missionskonten<\/p>\n","protected":false},"author":6,"featured_media":0,"parent":0,"menu_order":5,"comment_status":"open","ping_status":"open","template":"","meta":{"footnotes":""},"class_list":["post-10642","page","type-page","status-publish","hentry"],"_links":{"self":[{"href":"https:\/\/ehfn.de\/live\/wp-json\/wp\/v2\/pages\/10642","targetHints":{"allow":["GET"]}}],"collection":[{"href":"https:\/\/ehfn.de\/live\/wp-json\/wp\/v2\/pages"}],"about":[{"href":"https:\/\/ehfn.de\/live\/wp-json\/wp\/v2\/types\/page"}],"author":[{"embeddable":true,"href":"https:\/\/ehfn.de\/live\/wp-json\/wp\/v2\/users\/6"}],"replies":[{"embeddable":true,"href":"https:\/\/ehfn.de\/live\/wp-json\/wp\/v2\/comments?post=10642"}],"version-history":[{"count":19,"href":"https:\/\/ehfn.de\/live\/wp-json\/wp\/v2\/pages\/10642\/revisions"}],"predecessor-version":[{"id":13993,"href":"https:\/\/ehfn.de\/live\/wp-json\/wp\/v2\/pages\/10642\/revisions\/13993"}],"wp:attachment":[{"href":"https:\/\/ehfn.de\/live\/wp-json\/wp\/v2\/media?parent=10642"}],"curies":[{"name":"wp","href":"https:\/\/api.w.org\/{rel}","templated":true}]}}