{"id":10649,"date":"2014-07-14T10:46:43","date_gmt":"2014-07-14T08:46:43","guid":{"rendered":"http:\/\/ehfn.de\/live\/?page_id=10649"},"modified":"2025-03-12T10:41:48","modified_gmt":"2025-03-12T09:41:48","slug":"impressum","status":"publish","type":"page","link":"https:\/\/ehfn.de\/live\/impressum\/","title":{"rendered":"Impressum"},"content":{"rendered":"<h2>Impressum<\/h2>\n<div class=\"fusion-table table-1\">\n<table width=\"100%\">\n<thead>\n<tr>\n<th width=\"50%\">Ein Herz f\u00fcr Nationen e.V.<br \/>\nDEUTSCHLAND<\/th>\n<th width=\"50%\">Ein Herz f\u00fcr Nationen<br \/>\nSCHWEIZ<\/th>\n<\/tr>\n<\/thead>\n<tbody>\n<tr>\n<td>Tumringer Strasse 277<br \/>\n79539 L\u00f6rrach<br \/>\nTelefon: +41 61 723 02 56<br \/>\nE-Mail: info@ehfn.de<br \/>\nInternet: www.ehfn.de<br \/>\nRegistergericht: Amtsgericht L\u00f6rrach<br \/>\nRegisternummer: VR 1709<br \/>\nUmsatzsteuer-ID: DE228966554<\/td>\n<td>Max Gloor<br \/>\nJuraweg 22<br \/>\n4153 Reinach BL<br \/>\nSchweiz<br \/>\nTelefon: +41 61 723 02 56<br \/>\nE-Mail: info@ehfn.de<br \/>\nInternet: www.ehfn.de<\/td>\n<\/tr>\n<tr>\n<td>Vorsitzender: Max Gloor<br \/>\nEin Herz f\u00fcr Nationen e.V. ist in Deutschland als gemeinn\u00fctzig anerkannt.<br \/>\nSpenden sind steuerlich absetzbar.<\/td>\n<td>Vorsitzender: Max Gloor<br \/>\nVerantwortlich f\u00fcr den Inhalt gem\u00e4ss \u00a76 MDStV:<br \/>\nMax Gloor<\/td>\n<\/tr>\n<\/tbody>\n<\/table>\n<\/div>\n<p>&nbsp;<\/p>\n<p>Alle Angaben und Informationen auf diesen Internet-Seiten sind sorgf\u00e4ltig recherchiert und gepr\u00fcft. F\u00fcr die Richtigkeit, Vollst\u00e4ndigkeit und Aktualit\u00e4t kann jedoch weder Gew\u00e4hr noch Haftung \u00fcbernommen werden.<br \/>\nDiese Internet-Pr\u00e4senz und alle darauf enthaltenen Texte und Grafiken sind urheberrechtlich gesch\u00fctzt. \u00c4nderungen d\u00fcrfen nicht vorgenommen werden. Eine Vervielf\u00e4ltigung ist nur mit schriftlicher Genehmigung m\u00f6glich. Dar\u00fcber hinaus d\u00fcrfen Vervielf\u00e4ltigungsst\u00fccke weder verbreitet noch f\u00fcr \u00f6ffentliche Wiedergaben genutzt werden.<\/p>\n<p><strong>Hinweis f\u00fcr Abmahnversuche: Keine Abmahnung ohne vorherigen Kontakt<\/strong><\/p>\n<p>Sollte der Inhalt in Form von Texten, Bildern oder sonstigen Medien oder die Aufmachung dieser Seiten fremde Rechte Dritter oder gesetzliche Bestimmungen verletzen, so bitten wir um eine entsprechende Nachricht OHNE Kostennote. Wir garantieren, dass die zu Recht beanstandeten Passagen unverz\u00fcglich entfernt werden, ohne dass von Ihrer Seite die Einschaltung eines Rechtsbeistandes erforderlich ist. Dennoch von Ihnen ohne vorherige Kontaktaufnahme ausgel\u00f6ste Kosten werden wir VOLLUMF\u00c4NGLICH zur\u00fcckweisen und gegebenenfalls Gegenklage wegen Verletzung vorgenannter Bestimmungen einreichen.<\/p>\n<p><strong>Haftungsausschluss<\/strong><\/p>\n<p>F\u00fcr den Inhalt, f\u00fcr deren Rechtm\u00e4\u00dfigkeit, deren Schicklichkeit oder f\u00fcr die Erf\u00fcllung von Urheberrechtsbestimmungen im Zusammenhang mit den auf der jeweiligen Web-Site ver\u00f6ffentlichten Inhalten auf die im Rahmen von dieser Website \u00fcber eine Verlinkung (URL) verwiesen wird, ist der Betreiber dieser Website nicht verantwortlich. Bitte wenden Sie sich an den zust\u00e4ndigen Informationsanbieter.<\/p>\n<p>Der Betreiber \u00fcbernimmt keine Garantie f\u00fcr die Erreichbarkeit und die Aktualit\u00e4t der hier eingetragenen URLs.<\/p>\n<p>Der Betreiber macht ausdr\u00fccklich darauf aufmerksam, dass er keinerlei Haftung f\u00fcr Sch\u00e4den jedweder Art \u00fcbernimmt, die auf die Verwendung von dieser Website zur\u00fcckzuf\u00fchren sind, au\u00dfer bei grober Fahrl\u00e4ssigkeit oder Vorsatz durch den Betreiber selbst.<\/p>\n<p>Gleiches gilt f\u00fcr Eintr\u00e4ge, die gegen geltendes Recht versto\u00dfen.<\/p>\n<p><strong>Mit freundlicher Unterst\u00fctzung von<\/strong><\/p>\n<p>Macbelle Grafik &amp; Webdesign<br \/>\n<a href=\"\/\/www.macbelle.de\" target=\"_blank\" rel=\"noopener noreferrer\">www.macbelle.de<\/a><br \/>\nVisual Environment &#8211; Informationstechnik<br \/>\n<a href=\"\/\/www.vem-it.de\" target=\"_blank\" rel=\"noopener noreferrer\">www.vem-it.de<\/a><\/p>\n","protected":false},"excerpt":{"rendered":"<p>Impressum Ein Herz f\u00fcr Nationen e.V. DEUTSCHLAND Ein Herz f\u00fcr Nationen SCHWEIZ Tumringer Strasse 277 79539 L\u00f6rrach Telefon: +41 61 723 02 56 E-Mail: info@ehfn.de Internet: www.ehfn.de Registergericht: Amtsgericht L\u00f6rrach Registernummer: VR 1709 Umsatzsteuer-ID: DE228966554 Max Gloor Juraweg 22 4153 Reinach BL Schweiz Telefon: +41 61 723 02 56 E-Mail: info@ehfn.de Internet: www.ehfn.de Vorsitzender: Max [&hellip;]<\/p>\n","protected":false},"author":6,"featured_media":0,"parent":0,"menu_order":6,"comment_status":"closed","ping_status":"closed","template":"","meta":{"footnotes":""},"class_list":["post-10649","page","type-page","status-publish","hentry"],"_links":{"self":[{"href":"https:\/\/ehfn.de\/live\/wp-json\/wp\/v2\/pages\/10649","targetHints":{"allow":["GET"]}}],"collection":[{"href":"https:\/\/ehfn.de\/live\/wp-json\/wp\/v2\/pages"}],"about":[{"href":"https:\/\/ehfn.de\/live\/wp-json\/wp\/v2\/types\/page"}],"author":[{"embeddable":true,"href":"https:\/\/ehfn.de\/live\/wp-json\/wp\/v2\/users\/6"}],"replies":[{"embeddable":true,"href":"https:\/\/ehfn.de\/live\/wp-json\/wp\/v2\/comments?post=10649"}],"version-history":[{"count":46,"href":"https:\/\/ehfn.de\/live\/wp-json\/wp\/v2\/pages\/10649\/revisions"}],"predecessor-version":[{"id":14786,"href":"https:\/\/ehfn.de\/live\/wp-json\/wp\/v2\/pages\/10649\/revisions\/14786"}],"wp:attachment":[{"href":"https:\/\/ehfn.de\/live\/wp-json\/wp\/v2\/media?parent=10649"}],"curies":[{"name":"wp","href":"https:\/\/api.w.org\/{rel}","templated":true}]}}