{"id":11037,"date":"2015-04-29T11:00:36","date_gmt":"2015-04-29T09:00:36","guid":{"rendered":"http:\/\/ehfn.de\/live\/?page_id=11037"},"modified":"2018-05-24T09:32:50","modified_gmt":"2018-05-24T07:32:50","slug":"trainingundlehrbriefe","status":"publish","type":"page","link":"https:\/\/ehfn.de\/live\/seminare\/trainingundlehrbriefe\/","title":{"rendered":"Training und Lehrbriefe"},"content":{"rendered":"<h2>Training und Lehrbriefe<\/h2>\n<p>Hier finden Sie alle archivierten Newsletter im PDF Format.<br \/>\nDen Acrobat Reader zum Lesen der Berichte k\u00f6nnen Sie unter <a href=\"httpss:\/\/adobe.de\">Adobe. de<\/a> herunterladen.<br \/>\n<div class=\"fusion-fullwidth fullwidth-box fusion-builder-row-1 hundred-percent-fullwidth non-hundred-percent-height-scrolling\" style=\"--awb-border-radius-top-left:0px;--awb-border-radius-top-right:0px;--awb-border-radius-bottom-right:0px;--awb-border-radius-bottom-left:0px;--awb-overflow:visible;--awb-flex-wrap:wrap;\" ><div class=\"fusion-builder-row fusion-row\"><div class=\"fusion-layout-column fusion_builder_column fusion-builder-column-0 fusion_builder_column_1_1 1_1 fusion-one-full fusion-column-first fusion-column-last fusion-column-no-min-height\" style=\"--awb-bg-size:cover;--awb-margin-bottom:0px;\"><div class=\"fusion-column-wrapper fusion-flex-column-wrapper-legacy\">[bsk-pdf-manager-list-category id=&#8220;4&#8243;]\n<a href=\"httpss:\/\/ehfn.de\/live\/wp-content\/uploads\/bsk-pdf-manager\/71_WUESTENZEITEN.PDF\" target=\"_blank\"><img decoding=\"async\" class=\"size-full wp-image-12157 aligncenter\" src=\"httpss:\/\/ehfn.de\/live\/wp-content\/uploads\/2015\/04\/Wuestenzeiten-670.jpg\" alt=\"Wuestenzeiten-670\" width=\"670\" height=\"240\" srcset=\"https:\/\/ehfn.de\/live\/wp-content\/uploads\/2015\/04\/Wuestenzeiten-670-300x107.jpg 300w, https:\/\/ehfn.de\/live\/wp-content\/uploads\/2015\/04\/Wuestenzeiten-670-669x240.jpg 669w, https:\/\/ehfn.de\/live\/wp-content\/uploads\/2015\/04\/Wuestenzeiten-670.jpg 670w\" sizes=\"(max-width: 670px) 100vw, 670px\" \/><\/a><\/p>\n<p>&nbsp;<\/p>\n<div class=\"fusion-builder-row fusion-builder-row-inner fusion-row\"><\/div><div class=\"fusion-layout-column fusion_builder_column_inner fusion-builder-nested-column-0 fusion_builder_column_inner_1_2 1_2 fusion-one-half fusion-column-first\" style=\"--awb-bg-size:cover;width:50%;width:calc(50% - ( ( 4% ) * 0.5 ) );margin-right: 4%;\"><div class=\"fusion-column-wrapper fusion-flex-column-wrapper-legacy\">\n<p>In einem Anbetungslied von Bryan und Katie Torwalt hei\u00dft es unter anderem: <em>\u201eIch bin ein Liebhaber Deiner Gegenwart. Ich bin f\u00fcr die Liebe erschaffen worden, ich bin erschaffen worden um dich zu lieben\u201c.<\/em> Wir alle sehnen uns nach der Gegenwart Gottes in unserem Leben, wir sehnen uns danach uns in der Gegenwart Gottes aufzuhalten und ihn zu lieben mit allem was unsere Person ausmacht.<\/p>\n<p>Die W\u00fcste, ist \u201edas Land zwischen Aufbruch und Ankunft\u201c. So war es auch f\u00fcr das Volk Israel. In der Bibel hat die W\u00fcste auf diesem Weg vom Aufbruch aus der Sklaverei bis zur Ankunft in dem verhei\u00dfenen Land eine besondere Bedeutung. Im Alten Testament offenbart sich Gott Mose und dem Volk Israel gerade in der W\u00fcste, seine Gegenwart war sichtbar durch die Wolke und der Feuers\u00e4ule. Noch bevor Mose als \u201eRetter Israels\u201c vor den Pharao hintreten musste um die Absichten Gottes kundzutun, offenbarte Gott Mose sein Herz \u00fcber Israel: 2Mo 4,21-23 Und der Herr sprach zu Mose: Wenn du hinziehst, um nach \u00c4gypten zur\u00fcckzukehren, sieh zu, dass du all die Wunder, die ich in deine Hand gelegt habe, vor dem Pharao tust! Und ich, ich will sein Herz verstocken, so dass er das Volk nicht ziehen lassen wird. Und du sollst zum Pharao sagen:<\/p>\n<p>So spricht der Herr: Mein erstgeborener Sohn ist Israel, \u2013 und ich sage dir: <em>Lass mein Sohn ziehen, damit er mir dient!<\/em><\/p>\n<div class=\"fusion-clearfix\"><\/div><\/div><\/div>\n<div class=\"fusion-clearfix\"><\/div><\/div><\/div><div class=\"fusion-layout-column fusion_builder_column fusion-builder-column-1 fusion_builder_column_1_2 1_2 fusion-one-half fusion-column-first\" style=\"--awb-bg-size:cover;width:50%;width:calc(50% - ( ( 4% ) * 0.5 ) );margin-right: 4%;\"><div class=\"fusion-column-wrapper fusion-flex-column-wrapper-legacy\">\n<p>Auf dieser W\u00fcstenwanderung schlie\u00dft Gott seinen Bund mit dem Volk (2Mo 24,7f; 2Mo 34,10.28; 5Mo 29,11-14. 20.24; 5Mo 31,16.26) und \u00fcbermittelt ihm seine Weisung (2Mo 21,1-23.33). In der W\u00fcste soll das Volk Israel lernen, ganz auf Gott zu vertrauen, auf ihn zu h\u00f6ren und ihm zu folgen. Israel war unmittelbar auf Gott angewiesen, denn es gab keine andere Hilfe um in dieser W\u00fcste zu \u00fcberleben und durchzukommen. Das Volk erf\u00e4hrt innere und \u00e4u\u00dfere Auseinandersetzungen und Widerst\u00e4nde. Im Mangel und der Beschwernis der W\u00fcste st\u00f6\u00dft es an seine Grenzen. Israel soll darin lernen, sich allein auf seinen Gott auszurichten und sich an ihn und sein Wort zu halten. Israel soll lernen, Gott in allen Umst\u00e4nden des Lebens anzubeten und zu lieben.<\/p>\n<p>Die W\u00fcstenzeit des Volkes Israel ist das Spiegelbild f\u00fcr den Weg des Glaubenden im Neuen Bund. Auch wir sind auf dem Weg von Aufbruch und Ankunft. Wir sind unterwegs zum gro\u00dfen Ziel, zu den Verhei\u00dfungen, die Gott uns geschenkt hat. F\u00fchrt Gott auch uns in die W\u00fcste, auf dass wir lernen ihm zu vertrauen, auf ihn zu h\u00f6ren und ihm nachzufolgen, ihn ungeachtet unserer Umst\u00e4nde zu lieben, ihn anzubeten \u2013 ihn als liebenden und treuen Vater kennenzulernen? Kann es sein, dass eine Ankunft ohne W\u00fcstenwanderung nicht m\u00f6glich ist? <a href=\"httpss:\/\/ehfn.de\/live\/wp-content\/uploads\/bsk-pdf-manager\/71_WUESTENZEITEN.PDF\" target=\"_blank\"><span style=\"color: #ff0000;\"><span style=\"color: #ff0000;\">weiterlesen &#8230;<\/span><\/span><\/a><\/p>\n<div class=\"fusion-clearfix\"><\/div><\/div><\/div><\/div><\/div><\/p>\n","protected":false},"excerpt":{"rendered":"<p>Training und Lehrbriefe Hier finden Sie alle archivierten Newsletter im PDF Format. Den Acrobat Reader zum Lesen der Berichte k\u00f6nnen Sie unter Adobe. de herunterladen.<\/p>\n","protected":false},"author":6,"featured_media":0,"parent":10633,"menu_order":0,"comment_status":"open","ping_status":"open","template":"","meta":{"footnotes":""},"class_list":["post-11037","page","type-page","status-publish","hentry"],"_links":{"self":[{"href":"https:\/\/ehfn.de\/live\/wp-json\/wp\/v2\/pages\/11037","targetHints":{"allow":["GET"]}}],"collection":[{"href":"https:\/\/ehfn.de\/live\/wp-json\/wp\/v2\/pages"}],"about":[{"href":"https:\/\/ehfn.de\/live\/wp-json\/wp\/v2\/types\/page"}],"author":[{"embeddable":true,"href":"https:\/\/ehfn.de\/live\/wp-json\/wp\/v2\/users\/6"}],"replies":[{"embeddable":true,"href":"https:\/\/ehfn.de\/live\/wp-json\/wp\/v2\/comments?post=11037"}],"version-history":[{"count":186,"href":"https:\/\/ehfn.de\/live\/wp-json\/wp\/v2\/pages\/11037\/revisions"}],"predecessor-version":[{"id":13084,"href":"https:\/\/ehfn.de\/live\/wp-json\/wp\/v2\/pages\/11037\/revisions\/13084"}],"up":[{"embeddable":true,"href":"https:\/\/ehfn.de\/live\/wp-json\/wp\/v2\/pages\/10633"}],"wp:attachment":[{"href":"https:\/\/ehfn.de\/live\/wp-json\/wp\/v2\/media?parent=11037"}],"curies":[{"name":"wp","href":"https:\/\/api.w.org\/{rel}","templated":true}]}}