{"id":13103,"date":"2018-05-24T09:48:49","date_gmt":"2018-05-24T07:48:49","guid":{"rendered":"http:\/\/ehfn.de\/live\/?page_id=13103"},"modified":"2020-06-10T08:20:38","modified_gmt":"2020-06-10T06:20:38","slug":"datenschutz","status":"publish","type":"page","link":"https:\/\/ehfn.de\/live\/datenschutz\/","title":{"rendered":"Datenschutz"},"content":{"rendered":"<div class=\"fusion-fullwidth fullwidth-box fusion-builder-row-1 nonhundred-percent-fullwidth non-hundred-percent-height-scrolling\" style=\"--awb-border-radius-top-left:0px;--awb-border-radius-top-right:0px;--awb-border-radius-bottom-right:0px;--awb-border-radius-bottom-left:0px;--awb-flex-wrap:wrap;\" ><div class=\"fusion-builder-row fusion-row\"><div class=\"fusion-layout-column fusion_builder_column fusion-builder-column-0 fusion_builder_column_1_1 1_1 fusion-one-full fusion-column-first fusion-column-last\" style=\"--awb-bg-size:cover;--awb-margin-bottom:0px;\"><div class=\"fusion-column-wrapper fusion-flex-column-wrapper-legacy\"><div class=\"fusion-text fusion-text-1\"><p><strong>Datenschutz<\/strong><\/p>\n<p>Wir nehmen den Schutz Ihrer pers\u00f6nlichen Daten sehr ernst. Wir behandeln Ihre personenbezogenen Daten vertraulich und entsprechend der gesetzlichen Datenschutzvorschriften sowie dieser Datenschutzerkl\u00e4rung. Die Nutzung unserer Website ist in der Regel ohne Angabe personenbezogener Daten m\u00f6glich. Soweit auf unseren Seiten personenbezogene Daten (beispielsweise Name, Anschrift oder E-Mail-Adressen) erhoben werden, erfolgt dies, soweit m\u00f6glich, stets auf freiwilliger Basis. Diese Daten werden ohne Ihre ausdr\u00fcckliche Zustimmung nicht an Dritte weitergegeben. Wir weisen darauf hin, dass die Daten\u00fcbertragung im Internet (z.B. bei der Kommunikation per E-Mail) Sicherheitsl\u00fccken aufweisen kann. Ein l\u00fcckenloser Schutz der Daten vor dem Zugriff durch Dritte ist nicht m\u00f6glich.<\/p>\n<p><strong>Personenbezogene Daten<\/strong><br \/>\nUnser Internetauftritt kann ohne Angabe personenbezogener Daten genutzt werden. Soweit personenbezogene Daten (wie Name, Anschrift oder E-Mail-Adresse) erhoben werden, erfolgt dies, soweit m\u00f6glich, auf freiwilliger Basis. Diese Daten werden ohne ausdr\u00fcckliche Zustimmung nicht an Dritte weitergegeben. Bestandsdaten: Sofern ein Vertragsverh\u00e4ltnis begr\u00fcndet, inhaltlich ausgestaltet oder ge\u00e4ndert werden soll oder Anfragen bearbeitet werden, werden personenbezogene Daten erhoben und verwendet, soweit dies zu diesen Zwecken erforderlich ist. Nutzungsdaten: Die Erhebung, Verarbeitung und Nutzung personenbezogener Daten beschr\u00e4nkt sich auf das erforderliche Ma\u00df, um die Inanspruchnahme des Webangebots zu erm\u00f6glichen. S\u00e4mtliche personenbezogenen Daten werden nur solange gespeichert, wie dies f\u00fcr den genannten Zweck (z.B. Bearbeitung von Anfragen oder Abwicklung von Vertr\u00e4gen) erforderlich ist. Hierbei werden steuer- und handelsrechtliche Aufbewahrungsfristen ber\u00fccksichtigt.<\/p>\n<p><strong>Erhebung personenbezogener Daten bei Besuch unserer Website<\/strong><br \/>\nBei der blo\u00df informatorischen Nutzung der Website, also wenn Sie sich nicht registrieren oder uns anderweitig Informationen \u00fcbermitteln, erheben wir nur die personenbezogenen Daten, die Ihr Browser an unseren Server \u00fcbermittelt. Wenn Sie unsere Website betrachten m\u00f6chten, erheben wir die folgenden Daten, die f\u00fcr uns technisch erforderlich sind, um Ihnen unsere Website anzuzeigen und die Stabilit\u00e4t und Sicherheit zu gew\u00e4hrleisten (Rechtsgrundlage ist Art. 6 Abs. 1 S. 1 lit. f DSGVO):<\/p>\n<p>\u2013 IP-Adresse<br \/>\n\u2013 Datum und Uhrzeit der Anfrage<br \/>\n\u2013 Zeitzonendifferenz zur Greenwich Mean Time (GMT)<br \/>\n\u2013 Inhalt der Anforderung (konkrete Seite)<br \/>\n\u2013 Zugriffsstatus\/HTTP-Statuscode<br \/>\n\u2013 jeweils \u00fcbertragene Datenmenge<br \/>\n\u2013 Website, von der die Anforderung kommt<br \/>\n\u2013 Browser<br \/>\n\u2013 Betriebssystem und dessen Oberfl\u00e4che<br \/>\n\u2013 Sprache und Version der Browsersoftware<\/p>\n<p><strong>Cookies<\/strong><br \/>\nDie Internetseiten verwenden teilweise sogenannte Cookies. Cookies richten auf Ihrem Rechner keinen Schaden an und enthalten keine Viren. Cookies dienen dazu, unser Angebot nutzerfreundlicher, effektiver und sicherer zu machen. Cookies sind kleine Textdateien, die auf Ihrem Rechner abgelegt werden und die Ihr Browser speichert. Die meisten der von uns verwendeten Cookies sind so genannte \u201eSession-Cookies\u201c. Sie werden nach Ende Ihres Besuchs automatisch gel\u00f6scht. Andere Cookies bleiben auf Ihrem Endger\u00e4t gespeichert, bis Sie diese l\u00f6schen. Diese Cookies erm\u00f6glichen es uns, Ihren Browser beim n\u00e4chsten Besuch wiederzuerkennen. Sie k\u00f6nnen Ihren Browser so einstellen, dass Sie \u00fcber das Setzen von Cookies informiert werden und Cookies nur im Einzelfall erlauben, die Annahme von Cookies f\u00fcr bestimmte F\u00e4lle oder generell ausschlie\u00dfen sowie das automatische L\u00f6schen der Cookies beim Schlie\u00dfen des Browsers aktivieren. Bei der Deaktivierung von Cookies kann die Funktionalit\u00e4t dieser Website eingeschr\u00e4nkt sein.<\/p>\n<p><strong>Kontaktformular<\/strong><br \/>\nWenn Sie uns per Kontaktformular Anfragen zukommen lassen, werden Ihre Angaben aus dem Anfrageformular inklusive der von Ihnen dort angegebenen Kontaktdaten zwecks Bearbeitung der Anfrage und f\u00fcr den Fall von Anschlussfragen bei uns gespeichert. Diese Daten geben wir nicht ohne Ihre Einwilligung weiter.<\/p>\n<p><strong>Spendenformular<\/strong><br \/>\nWenn Sie das Spendenformular nutzen und Ihre pers\u00f6nlichen Daten wie Namen, Adresse und Ihre Kontoverbindung \u00fcbersenden, so werden folgende Daten ausschlie\u00dflich f\u00fcr den Zweck der Spendeneinziehung verwendet und gespeichert: Vorname, Name, Stra\u00dfe, Hausnummer, Wohnort, Postleitzahl, Kontoinhaber und Kontoverbindung. Es erfolgt keine Weitergabe dieser personenbezogenen Daten an Dritte. Zus\u00e4tzlich ist die Weiterleitung aufgrund unserer Verpflichtungen aus rein buchhalterischen und steuerlichen Verpflichtungen hiervon ausgenommen.<br \/>\nAktuell kann aufgrund der steuerlichen Aufbewahrungspflichten die Speicherung bis zu 10 Jahre dauern.<\/p>\n<p><strong>Speicherung der IP Adresse<\/strong><br \/>\nUnsere Kommentarfunktion speichert die IP-Adressen der Nutzer, die Kommentare verfassen. Da wir Kommentare auf unserer Seite nicht vor der Freischaltung pr\u00fcfen, ben\u00f6tigen wir diese Daten, um im Falle von Rechtsverletzungen wie Beleidigungen oder Propaganda gegen den Verfasser vorgehen zu k\u00f6nnen.<\/p>\n<p><strong>Auskunftsrecht<\/strong><br \/>\nDas Recht zur unentgeltlichen und unverz\u00fcglichen Erkundung \u00fcber erhobene personenbezogene Daten bleibt unber\u00fchrt. Die Zustimmung zur Verwendung der angegeben pers\u00f6nlichen Daten kann jederzeit mit Wirkung f\u00fcr die Zukunft widerrufen werden. Die Beantragung der Auskunftserteilung wird unter den Kontaktdaten im Impressum angenommen.<\/p>\n<p><strong>Recht auf Auskunft, L\u00f6schung, Sperrung<\/strong><br \/>\nSie haben jederzeit das Recht auf unentgeltliche Auskunft \u00fcber Ihre gespeicherten personenbezogenen Daten, deren Herkunft und Empf\u00e4nger und den Zweck der Datenverarbeitung sowie ein Recht auf Berichtigung, Sperrung oder L\u00f6schung dieser Daten. Hierzu sowie zu weiteren Fragen zum Thema personenbezogene Daten k\u00f6nnen Sie sich jederzeit unter der im Impressum angegebenen Adresse an uns wenden.<\/p>\n<\/div><div class=\"fusion-clearfix\"><\/div><\/div><\/div><\/div><\/div>\n","protected":false},"excerpt":{"rendered":"","protected":false},"author":4,"featured_media":0,"parent":0,"menu_order":6,"comment_status":"closed","ping_status":"closed","template":"","meta":{"footnotes":""},"class_list":["post-13103","page","type-page","status-publish","hentry"],"_links":{"self":[{"href":"https:\/\/ehfn.de\/live\/wp-json\/wp\/v2\/pages\/13103","targetHints":{"allow":["GET"]}}],"collection":[{"href":"https:\/\/ehfn.de\/live\/wp-json\/wp\/v2\/pages"}],"about":[{"href":"https:\/\/ehfn.de\/live\/wp-json\/wp\/v2\/types\/page"}],"author":[{"embeddable":true,"href":"https:\/\/ehfn.de\/live\/wp-json\/wp\/v2\/users\/4"}],"replies":[{"embeddable":true,"href":"https:\/\/ehfn.de\/live\/wp-json\/wp\/v2\/comments?post=13103"}],"version-history":[{"count":6,"href":"https:\/\/ehfn.de\/live\/wp-json\/wp\/v2\/pages\/13103\/revisions"}],"predecessor-version":[{"id":13109,"href":"https:\/\/ehfn.de\/live\/wp-json\/wp\/v2\/pages\/13103\/revisions\/13109"}],"wp:attachment":[{"href":"https:\/\/ehfn.de\/live\/wp-json\/wp\/v2\/media?parent=13103"}],"curies":[{"name":"wp","href":"https:\/\/api.w.org\/{rel}","templated":true}]}}